{"id":1246,"date":"2023-08-25T22:18:05","date_gmt":"2023-08-25T22:18:05","guid":{"rendered":"https:\/\/cepiadet.org\/?page_id=1246"},"modified":"2024-02-20T23:32:02","modified_gmt":"2024-02-20T23:32:02","slug":"no-me-lastimes","status":"publish","type":"page","link":"https:\/\/cepiadet.org\/index.php\/no-me-lastimes\/","title":{"rendered":"No me lastimes"},"content":{"rendered":"\t\t<div data-elementor-type=\"wp-page\" data-elementor-id=\"1246\" class=\"elementor elementor-1246\" data-elementor-post-type=\"page\">\n\t\t\t\t\t\t<section class=\"elementor-section elementor-top-section elementor-element elementor-element-aef293b elementor-section-boxed elementor-section-height-default elementor-section-height-default\" data-id=\"aef293b\" data-element_type=\"section\" data-settings=\"{&quot;background_background&quot;:&quot;classic&quot;}\">\n\t\t\t\t\t\t<div class=\"elementor-container elementor-column-gap-default\">\n\t\t\t\t\t<div class=\"elementor-column elementor-col-100 elementor-top-column elementor-element elementor-element-1ce0fa3\" data-id=\"1ce0fa3\" data-element_type=\"column\">\n\t\t\t<div class=\"elementor-widget-wrap elementor-element-populated\">\n\t\t\t\t\t\t<div class=\"elementor-element elementor-element-5f746b1 elementor-nav-menu--dropdown-none elementor-nav-menu__align-end elementor-widget elementor-widget-global elementor-global-2275 elementor-widget-nav-menu\" data-id=\"5f746b1\" data-element_type=\"widget\" data-settings=\"{&quot;toggle_icon_hover_animation&quot;:&quot;push&quot;,&quot;layout&quot;:&quot;horizontal&quot;,&quot;submenu_icon&quot;:{&quot;value&quot;:&quot;fas fa-caret-down&quot;,&quot;library&quot;:&quot;fa-solid&quot;}}\" data-widget_type=\"nav-menu.default\">\n\t\t\t\t<div class=\"elementor-widget-container\">\n\t\t\t\t\t\t\t\t<nav aria-label=\"Men\u00fa\" class=\"elementor-nav-menu--main elementor-nav-menu__container elementor-nav-menu--layout-horizontal e--pointer-background e--animation-shutter-out-vertical\">\n\t\t\t\t<ul id=\"menu-1-5f746b1\" class=\"elementor-nav-menu\"><li class=\"nav-nomelastimes2 menu-item menu-item-type-post_type menu-item-object-page menu-item-1266\"><a href=\"https:\/\/cepiadet.org\/index.php\/no-me-lastimes\/\" class=\"elementor-item menu-link\">No me lastimes<\/a><\/li>\n<li class=\"menu-item menu-item-type-post_type menu-item-object-page menu-item-1296\"><a href=\"https:\/\/cepiadet.org\/index.php\/audiovisuales\/\" class=\"elementor-item menu-link\">Audiovisuales<\/a><\/li>\n<li class=\"menu-item menu-item-type-post_type menu-item-object-page menu-item-1303\"><a href=\"https:\/\/cepiadet.org\/index.php\/libros\/\" class=\"elementor-item menu-link\">Libros<\/a><\/li>\n<\/ul>\t\t\t<\/nav>\n\t\t\t\t\t\t<nav class=\"elementor-nav-menu--dropdown elementor-nav-menu__container\" aria-hidden=\"true\">\n\t\t\t\t<ul id=\"menu-2-5f746b1\" class=\"elementor-nav-menu\"><li class=\"nav-nomelastimes2 menu-item menu-item-type-post_type menu-item-object-page menu-item-1266\"><a href=\"https:\/\/cepiadet.org\/index.php\/no-me-lastimes\/\" class=\"elementor-item menu-link\" tabindex=\"-1\">No me lastimes<\/a><\/li>\n<li class=\"menu-item menu-item-type-post_type menu-item-object-page menu-item-1296\"><a href=\"https:\/\/cepiadet.org\/index.php\/audiovisuales\/\" class=\"elementor-item menu-link\" tabindex=\"-1\">Audiovisuales<\/a><\/li>\n<li class=\"menu-item menu-item-type-post_type menu-item-object-page menu-item-1303\"><a href=\"https:\/\/cepiadet.org\/index.php\/libros\/\" class=\"elementor-item menu-link\" tabindex=\"-1\">Libros<\/a><\/li>\n<\/ul>\t\t\t<\/nav>\n\t\t\t\t\t\t<\/div>\n\t\t\t\t<\/div>\n\t\t\t\t<div class=\"elementor-element elementor-element-7cca5f9 elementor-widget elementor-widget-image\" data-id=\"7cca5f9\" data-element_type=\"widget\" data-widget_type=\"image.default\">\n\t\t\t\t<div class=\"elementor-widget-container\">\n\t\t\t\t\t\t\t\t\t\t\t\t\t\t\t<img fetchpriority=\"high\" decoding=\"async\" width=\"1000\" height=\"222\" src=\"https:\/\/cepiadet.org\/wp-content\/uploads\/2024\/02\/portada-no-me-lastimes.png\" class=\"attachment-full size-full wp-image-2473\" alt=\"\" srcset=\"https:\/\/cepiadet.org\/wp-content\/uploads\/2024\/02\/portada-no-me-lastimes.png 1000w, https:\/\/cepiadet.org\/wp-content\/uploads\/2024\/02\/portada-no-me-lastimes-300x67.png 300w, https:\/\/cepiadet.org\/wp-content\/uploads\/2024\/02\/portada-no-me-lastimes-768x170.png 768w\" sizes=\"(max-width: 1000px) 100vw, 1000px\" \/>\t\t\t\t\t\t\t\t\t\t\t\t\t\t\t<\/div>\n\t\t\t\t<\/div>\n\t\t\t\t\t<\/div>\n\t\t<\/div>\n\t\t\t\t\t<\/div>\n\t\t<\/section>\n\t\t\t\t<section class=\"elementor-section elementor-top-section elementor-element elementor-element-ea7e806 elementor-section-boxed elementor-section-height-default elementor-section-height-default\" data-id=\"ea7e806\" data-element_type=\"section\" data-settings=\"{&quot;background_background&quot;:&quot;classic&quot;}\">\n\t\t\t\t\t\t<div class=\"elementor-container elementor-column-gap-default\">\n\t\t\t\t\t<div class=\"elementor-column elementor-col-100 elementor-top-column elementor-element elementor-element-e2de805\" data-id=\"e2de805\" data-element_type=\"column\">\n\t\t\t<div class=\"elementor-widget-wrap elementor-element-populated\">\n\t\t\t\t\t\t<section class=\"elementor-section elementor-inner-section elementor-element elementor-element-fb58f4d elementor-section-boxed elementor-section-height-default elementor-section-height-default\" data-id=\"fb58f4d\" data-element_type=\"section\">\n\t\t\t\t\t\t<div class=\"elementor-container elementor-column-gap-default\">\n\t\t\t\t\t<div class=\"elementor-column elementor-col-50 elementor-inner-column elementor-element elementor-element-3e94226\" data-id=\"3e94226\" data-element_type=\"column\">\n\t\t\t<div class=\"elementor-widget-wrap elementor-element-populated\">\n\t\t\t\t\t\t<div class=\"elementor-element elementor-element-864aa00 elementor-widget elementor-widget-heading\" data-id=\"864aa00\" data-element_type=\"widget\" data-widget_type=\"heading.default\">\n\t\t\t\t<div class=\"elementor-widget-container\">\n\t\t\t\t\t<h2 class=\"elementor-heading-title elementor-size-default\">\u00a1No me lastimes!<\/h2>\t\t\t\t<\/div>\n\t\t\t\t<\/div>\n\t\t\t\t<div class=\"elementor-element elementor-element-828c1a6 animated-slow elementor-invisible elementor-widget elementor-widget-heading\" data-id=\"828c1a6\" data-element_type=\"widget\" data-settings=\"{&quot;_animation&quot;:&quot;fadeInLeft&quot;}\" data-widget_type=\"heading.default\">\n\t\t\t\t<div class=\"elementor-widget-container\">\n\t\t\t\t\t<h4 class=\"elementor-heading-title elementor-size-default\">Los derechos viven en todas las lenguas.<\/h4>\t\t\t\t<\/div>\n\t\t\t\t<\/div>\n\t\t\t\t\t<\/div>\n\t\t<\/div>\n\t\t\t\t<div class=\"elementor-column elementor-col-50 elementor-inner-column elementor-element elementor-element-d3ee34e\" data-id=\"d3ee34e\" data-element_type=\"column\">\n\t\t\t<div class=\"elementor-widget-wrap elementor-element-populated\">\n\t\t\t\t\t\t<div class=\"elementor-element elementor-element-106105b elementor-headline--style-rotate elementor-widget elementor-widget-animated-headline\" data-id=\"106105b\" data-element_type=\"widget\" data-settings=\"{&quot;headline_style&quot;:&quot;rotate&quot;,&quot;animation_type&quot;:&quot;wave&quot;,&quot;rotating_text&quot;:&quot;N\\u00e1huatl\\nWix\\u00e1rika\\nTotonaco\\nPopoloca\\nPur\\u00e9pecha\\nPopoluca\\nYaqui&quot;,&quot;rotate_iteration_delay&quot;:2535,&quot;loop&quot;:&quot;yes&quot;}\" data-widget_type=\"animated-headline.default\">\n\t\t\t\t<div class=\"elementor-widget-container\">\n\t\t\t\t\t\t\t<h2 class=\"elementor-headline elementor-headline-animation-type-wave elementor-headline-letters\">\n\t\t\t\t<span class=\"elementor-headline-dynamic-wrapper elementor-headline-text-wrapper\">\n\t\t\t\t\t<span class=\"elementor-headline-dynamic-text elementor-headline-text-active\">\n\t\t\t\tN\u00e1huatl\t\t\t<\/span>\n\t\t\t\t\t<span class=\"elementor-headline-dynamic-text\">\n\t\t\t\tWix\u00e1rika\t\t\t<\/span>\n\t\t\t\t\t<span class=\"elementor-headline-dynamic-text\">\n\t\t\t\tTotonaco\t\t\t<\/span>\n\t\t\t\t\t<span class=\"elementor-headline-dynamic-text\">\n\t\t\t\tPopoloca\t\t\t<\/span>\n\t\t\t\t\t<span class=\"elementor-headline-dynamic-text\">\n\t\t\t\tPur\u00e9pecha\t\t\t<\/span>\n\t\t\t\t\t<span class=\"elementor-headline-dynamic-text\">\n\t\t\t\tPopoluca\t\t\t<\/span>\n\t\t\t\t\t<span class=\"elementor-headline-dynamic-text\">\n\t\t\t\tYaqui\t\t\t<\/span>\n\t\t\t\t\t\t<\/span>\n\t\t\t\t<\/h2>\n\t\t\t\t\t\t<\/div>\n\t\t\t\t<\/div>\n\t\t\t\t\t<\/div>\n\t\t<\/div>\n\t\t\t\t\t<\/div>\n\t\t<\/section>\n\t\t\t\t\t<\/div>\n\t\t<\/div>\n\t\t\t\t\t<\/div>\n\t\t<\/section>\n\t\t\t\t<section class=\"elementor-section elementor-top-section elementor-element elementor-element-44c782c elementor-section-boxed elementor-section-height-default elementor-section-height-default\" data-id=\"44c782c\" data-element_type=\"section\">\n\t\t\t\t\t\t<div class=\"elementor-container elementor-column-gap-default\">\n\t\t\t\t\t<div class=\"elementor-column elementor-col-100 elementor-top-column elementor-element elementor-element-f3b499c\" data-id=\"f3b499c\" data-element_type=\"column\">\n\t\t\t<div class=\"elementor-widget-wrap elementor-element-populated\">\n\t\t\t\t\t\t<div class=\"elementor-element elementor-element-81e24d2 elementor-widget elementor-widget-spacer\" data-id=\"81e24d2\" data-element_type=\"widget\" data-widget_type=\"spacer.default\">\n\t\t\t\t<div class=\"elementor-widget-container\">\n\t\t\t\t\t\t\t<div class=\"elementor-spacer\">\n\t\t\t<div class=\"elementor-spacer-inner\"><\/div>\n\t\t<\/div>\n\t\t\t\t\t\t<\/div>\n\t\t\t\t<\/div>\n\t\t\t\t<div class=\"elementor-element elementor-element-3be0158 elementor-widget elementor-widget-text-editor\" data-id=\"3be0158\" data-element_type=\"widget\" data-widget_type=\"text-editor.default\">\n\t\t\t\t<div class=\"elementor-widget-container\">\n\t\t\t\t\t\t\t\t\t<div id=\"lipsum\">\n\n<p>Entre los esfuerzos para avanzar en el acceso a la verdad y justicia de personas pertenecientes a Pueblos Ind\u00edgenas, a partir del a\u00f1o 2021, la Agencia de los Estados Unidos para el Desarrollo Internacional (USAID) a trav\u00e9s de su actividad Promoviendo la Rendici\u00f3n de Cuentas por los Derechos Humanos (RED-DH)\u00a0 en colaboraci\u00f3n con el Centro Profesional Ind\u00edgena de Asesor\u00eda y Defensa y Traducci\u00f3n, A.C. (CEPIADET), promueven la iniciativa \u201cAcciones de comunicaci\u00f3n para visibilizar y erradicar la tortura y desaparici\u00f3n forzada, as\u00ed como tratos inhumanos, crueles y degradantes hacia la poblaci\u00f3n ind\u00edgena en los sistemas de justicia en Puebla, Veracruz y Jalisco\u201d.<\/p>\n\n<p>Como parte de este esfuerzo se desarroll\u00f3 la campa\u00f1a \u201c\u00a1No me lastimes!&#8230; Los derechos viven en todas las lenguas\u201d con el objetivo de contribuir en la difusi\u00f3n de las leyes generales de tortura y desaparici\u00f3n en diferentes lenguas ind\u00edgenas\u00a0 para que las personas ind\u00edgenas v\u00edctimas o familiares, accedan plenamente a la verdad y justicia.<\/p>\n\n<p>Inicialmente, durante el 2021 y 2022, CEPIADET realiz\u00f3 trabajos de traducci\u00f3n de las leyes generales en materia de tortura y desaparici\u00f3n en 6 variantes de lenguas ind\u00edgenas ( Wixarika del oriente, Pur\u00e9pecha, N\u00e1huatl de la sierra noroccidental, Totonaco central del norte, N\u00e1huatl de la huasteca y Totonaco de la costa). A partir de las traducciones de estas leyes, se generaron materiales radiof\u00f3nicos en lenguas trabajadas, acci\u00f3n que fue acompa\u00f1ada de una estrategia de difusi\u00f3n.<\/p>\n\n<p>Para la selecci\u00f3n de las variantes ling\u00fc\u00edsticas, se consideraron diversos factores como la demograf\u00eda, las condiciones situacionales y el acceso a medios de comunicaci\u00f3n.<\/p>\n\n<p>Para el a\u00f1o 2023, en una segunda etapa de la campa\u00f1a, se integrar\u00e1n tres nuevas lenguas (Yaqui, Popoluca y Popoloca) a las 6 lenguas en sus variantes respectivas con las que se trabajaron en la primera campa\u00f1a, para la realizaci\u00f3n de las siguientes acciones:<\/p>\n<\/div>\t\t\t\t\t\t\t\t<\/div>\n\t\t\t\t<\/div>\n\t\t\t\t<div class=\"elementor-element elementor-element-c5656fc elementor-align-left elementor-icon-list--layout-traditional elementor-list-item-link-full_width elementor-widget elementor-widget-icon-list\" data-id=\"c5656fc\" data-element_type=\"widget\" data-widget_type=\"icon-list.default\">\n\t\t\t\t<div class=\"elementor-widget-container\">\n\t\t\t\t\t\t\t<ul class=\"elementor-icon-list-items\">\n\t\t\t\t\t\t\t<li class=\"elementor-icon-list-item\">\n\t\t\t\t\t\t\t\t\t\t\t<span class=\"elementor-icon-list-icon\">\n\t\t\t\t\t\t\t<i aria-hidden=\"true\" class=\"fas fa-dot-circle\"><\/i>\t\t\t\t\t\t<\/span>\n\t\t\t\t\t\t\t\t\t\t<span class=\"elementor-icon-list-text\">Traducci\u00f3n de las Leyes Generales en materia de tortura y desaparici\u00f3n forzada en la lengua Yaqui, Popoluca y Popoloca.<\/span>\n\t\t\t\t\t\t\t\t\t<\/li>\n\t\t\t\t\t\t\t\t<li class=\"elementor-icon-list-item\">\n\t\t\t\t\t\t\t\t\t\t\t<span class=\"elementor-icon-list-icon\">\n\t\t\t\t\t\t\t<i aria-hidden=\"true\" class=\"fas fa-dot-circle\"><\/i>\t\t\t\t\t\t<\/span>\n\t\t\t\t\t\t\t\t\t\t<span class=\"elementor-icon-list-text\">Elaboraci\u00f3n de spots radiof\u00f3nicos en materia de tortura y desaparici\u00f3n en materia de tortura y desaparici\u00f3n forzada.<\/span>\n\t\t\t\t\t\t\t\t\t<\/li>\n\t\t\t\t\t\t\t\t<li class=\"elementor-icon-list-item\">\n\t\t\t\t\t\t\t\t\t\t\t<span class=\"elementor-icon-list-icon\">\n\t\t\t\t\t\t\t<i aria-hidden=\"true\" class=\"fas fa-dot-circle\"><\/i>\t\t\t\t\t\t<\/span>\n\t\t\t\t\t\t\t\t\t\t<span class=\"elementor-icon-list-text\">Difusi\u00f3n de los materiales en diversos espacios institucionales y comunitarios.<\/span>\n\t\t\t\t\t\t\t\t\t<\/li>\n\t\t\t\t\t\t<\/ul>\n\t\t\t\t\t\t<\/div>\n\t\t\t\t<\/div>\n\t\t\t\t<div class=\"elementor-element elementor-element-cf5e962 elementor-widget elementor-widget-spacer\" data-id=\"cf5e962\" data-element_type=\"widget\" data-widget_type=\"spacer.default\">\n\t\t\t\t<div class=\"elementor-widget-container\">\n\t\t\t\t\t\t\t<div class=\"elementor-spacer\">\n\t\t\t<div class=\"elementor-spacer-inner\"><\/div>\n\t\t<\/div>\n\t\t\t\t\t\t<\/div>\n\t\t\t\t<\/div>\n\t\t\t\t\t<\/div>\n\t\t<\/div>\n\t\t\t\t\t<\/div>\n\t\t<\/section>\n\t\t\t\t<section class=\"elementor-section elementor-top-section elementor-element elementor-element-1fca849 elementor-section-content-middle elementor-section-boxed elementor-section-height-default elementor-section-height-default\" data-id=\"1fca849\" data-element_type=\"section\" data-settings=\"{&quot;background_background&quot;:&quot;classic&quot;}\">\n\t\t\t\t\t\t<div class=\"elementor-container elementor-column-gap-default\">\n\t\t\t\t\t<div class=\"elementor-column elementor-col-50 elementor-top-column elementor-element elementor-element-e24ee08\" data-id=\"e24ee08\" data-element_type=\"column\">\n\t\t\t<div class=\"elementor-widget-wrap elementor-element-populated\">\n\t\t\t\t\t\t<div class=\"elementor-element elementor-element-a03f132 elementor-widget elementor-widget-image\" data-id=\"a03f132\" data-element_type=\"widget\" data-widget_type=\"image.default\">\n\t\t\t\t<div class=\"elementor-widget-container\">\n\t\t\t\t\t\t\t\t\t\t\t\t\t\t\t<img decoding=\"async\" width=\"1024\" height=\"413\" src=\"https:\/\/cepiadet.org\/wp-content\/uploads\/2023\/10\/USAID_Horiz_Spanish_RGB_2-Color-1024x413.png\" class=\"attachment-large size-large wp-image-1517\" alt=\"\" srcset=\"https:\/\/cepiadet.org\/wp-content\/uploads\/2023\/10\/USAID_Horiz_Spanish_RGB_2-Color-1024x413.png 1024w, https:\/\/cepiadet.org\/wp-content\/uploads\/2023\/10\/USAID_Horiz_Spanish_RGB_2-Color-300x121.png 300w, https:\/\/cepiadet.org\/wp-content\/uploads\/2023\/10\/USAID_Horiz_Spanish_RGB_2-Color-768x310.png 768w, https:\/\/cepiadet.org\/wp-content\/uploads\/2023\/10\/USAID_Horiz_Spanish_RGB_2-Color-1536x619.png 1536w, https:\/\/cepiadet.org\/wp-content\/uploads\/2023\/10\/USAID_Horiz_Spanish_RGB_2-Color.png 2000w\" sizes=\"(max-width: 1024px) 100vw, 1024px\" \/>\t\t\t\t\t\t\t\t\t\t\t\t\t\t\t<\/div>\n\t\t\t\t<\/div>\n\t\t\t\t\t<\/div>\n\t\t<\/div>\n\t\t\t\t<div class=\"elementor-column elementor-col-50 elementor-top-column elementor-element elementor-element-847adb1\" data-id=\"847adb1\" data-element_type=\"column\">\n\t\t\t<div class=\"elementor-widget-wrap elementor-element-populated\">\n\t\t\t\t\t\t<div class=\"elementor-element elementor-element-f7fc4ba elementor-widget elementor-widget-text-editor\" data-id=\"f7fc4ba\" data-element_type=\"widget\" data-widget_type=\"text-editor.default\">\n\t\t\t\t<div class=\"elementor-widget-container\">\n\t\t\t\t\t\t\t\t\tLa campa\u00f1a \u00a1No me lastimes! Los derechos viven en todas las lenguas fue posible gracias al generoso apoyo del pueblo de los Estados Unidos a trav\u00e9s de la Agencia de los Estados Unidos para el Desarrollo Internacional (USAID). El contenido es responsabilidad de CEPIADET y no necesariamente refleja las opiniones de USAID o del gobierno de los Estados Unidos.\t\t\t\t\t\t\t\t<\/div>\n\t\t\t\t<\/div>\n\t\t\t\t\t<\/div>\n\t\t<\/div>\n\t\t\t\t\t<\/div>\n\t\t<\/section>\n\t\t\t\t<\/div>\n\t\t","protected":false},"excerpt":{"rendered":"<p>\u00a1No me lastimes! Los derechos viven en todas las lenguas. N\u00e1huatl Wix\u00e1rika Totonaco Popoloca Pur\u00e9pecha Popoluca Yaqui Entre los esfuerzos para avanzar en el acceso a la verdad y justicia de personas pertenecientes a Pueblos Ind\u00edgenas, a partir del a\u00f1o 2021, la Agencia de los Estados Unidos para el Desarrollo Internacional (USAID) a trav\u00e9s de [&hellip;]<\/p>\n","protected":false},"author":1,"featured_media":0,"parent":0,"menu_order":0,"comment_status":"closed","ping_status":"closed","template":"","meta":{"site-sidebar-layout":"no-sidebar","site-content-layout":"page-builder","ast-site-content-layout":"default","site-content-style":"default","site-sidebar-style":"default","ast-global-header-display":"","ast-banner-title-visibility":"","ast-main-header-display":"","ast-hfb-above-header-display":"","ast-hfb-below-header-display":"","ast-hfb-mobile-header-display":"","site-post-title":"disabled","ast-breadcrumbs-content":"","ast-featured-img":"disabled","footer-sml-layout":"","ast-disable-related-posts":"","theme-transparent-header-meta":"","adv-header-id-meta":"","stick-header-meta":"","header-above-stick-meta":"","header-main-stick-meta":"","header-below-stick-meta":"","astra-migrate-meta-layouts":"default","ast-page-background-enabled":"default","ast-page-background-meta":{"desktop":{"background-color":"var(--ast-global-color-4)","background-image":"","background-repeat":"repeat","background-position":"center center","background-size":"auto","background-attachment":"scroll","background-type":"","background-media":"","overlay-type":"","overlay-color":"","overlay-opacity":"","overlay-gradient":""},"tablet":{"background-color":"","background-image":"","background-repeat":"repeat","background-position":"center center","background-size":"auto","background-attachment":"scroll","background-type":"","background-media":"","overlay-type":"","overlay-color":"","overlay-opacity":"","overlay-gradient":""},"mobile":{"background-color":"","background-image":"","background-repeat":"repeat","background-position":"center center","background-size":"auto","background-attachment":"scroll","background-type":"","background-media":"","overlay-type":"","overlay-color":"","overlay-opacity":"","overlay-gradient":""}},"ast-content-background-meta":{"desktop":{"background-color":"var(--ast-global-color-5)","background-image":"","background-repeat":"repeat","background-position":"center center","background-size":"auto","background-attachment":"scroll","background-type":"","background-media":"","overlay-type":"","overlay-color":"","overlay-opacity":"","overlay-gradient":""},"tablet":{"background-color":"var(--ast-global-color-5)","background-image":"","background-repeat":"repeat","background-position":"center center","background-size":"auto","background-attachment":"scroll","background-type":"","background-media":"","overlay-type":"","overlay-color":"","overlay-opacity":"","overlay-gradient":""},"mobile":{"background-color":"var(--ast-global-color-5)","background-image":"","background-repeat":"repeat","background-position":"center center","background-size":"auto","background-attachment":"scroll","background-type":"","background-media":"","overlay-type":"","overlay-color":"","overlay-opacity":"","overlay-gradient":""}},"footnotes":""},"class_list":["post-1246","page","type-page","status-publish","hentry"],"_links":{"self":[{"href":"https:\/\/cepiadet.org\/index.php\/wp-json\/wp\/v2\/pages\/1246","targetHints":{"allow":["GET"]}}],"collection":[{"href":"https:\/\/cepiadet.org\/index.php\/wp-json\/wp\/v2\/pages"}],"about":[{"href":"https:\/\/cepiadet.org\/index.php\/wp-json\/wp\/v2\/types\/page"}],"author":[{"embeddable":true,"href":"https:\/\/cepiadet.org\/index.php\/wp-json\/wp\/v2\/users\/1"}],"replies":[{"embeddable":true,"href":"https:\/\/cepiadet.org\/index.php\/wp-json\/wp\/v2\/comments?post=1246"}],"version-history":[{"count":129,"href":"https:\/\/cepiadet.org\/index.php\/wp-json\/wp\/v2\/pages\/1246\/revisions"}],"predecessor-version":[{"id":2476,"href":"https:\/\/cepiadet.org\/index.php\/wp-json\/wp\/v2\/pages\/1246\/revisions\/2476"}],"wp:attachment":[{"href":"https:\/\/cepiadet.org\/index.php\/wp-json\/wp\/v2\/media?parent=1246"}],"curies":[{"name":"wp","href":"https:\/\/api.w.org\/{rel}","templated":true}]}}